{"id":933,"date":"2020-03-30T02:03:49","date_gmt":"2020-03-30T00:03:49","guid":{"rendered":"https:\/\/konform-zlin.cz\/?page_id=933"},"modified":"2024-02-07T12:34:40","modified_gmt":"2024-02-07T11:34:40","slug":"kontakt","status":"publish","type":"page","link":"https:\/\/konform-zlin.cz\/en\/kontakt\/","title":{"rendered":"Kontakt"},"content":{"rendered":"<div id=\"pl-933\"  class=\"panel-layout\" ><div id=\"pg-933-0\"  class=\"panel-grid panel-no-style\" ><div id=\"pgc-933-0-0\"  class=\"panel-grid-cell\" ><div id=\"panel-933-0-0-0\" class=\"so-panel widget widget_text panel-first-child panel-last-child\" data-index=\"0\" ><h3 class=\"widget-title\">Kontaktn\u00ed adresa<\/h3>\t\t\t<div class=\"textwidget\"><p><strong>KONFORM \u2013 Plastic, s.r.o.<\/strong><br \/>\n\u0160edes\u00e1t\u00e1\u00a05576 \u2013 budova \u010d.46<br \/>\n760 01 Zl\u00edn<br \/>\n\u010cesk\u00e1 republika<\/p>\n<\/div>\n\t\t<\/div><\/div><div id=\"pgc-933-0-1\"  class=\"panel-grid-cell\" ><div id=\"panel-933-0-1-0\" class=\"so-panel widget widget_text panel-first-child panel-last-child\" data-index=\"1\" >\t\t\t<div class=\"textwidget\"><p>&nbsp;<\/p>\n<p>I\u010cO: 276 66 301<br \/>\nDI\u010c: CZ276 66 301<br \/>\nTel: +420 577 523 181<br \/>\nEmail: konform@konform-zlin.cz<\/p>\n<\/div>\n\t\t<\/div><\/div><\/div><div id=\"pg-933-1\"  class=\"panel-grid panel-no-style\" ><div id=\"pgc-933-1-0\"  class=\"panel-grid-cell\" ><div id=\"panel-933-1-0-0\" class=\"so-panel widget widget_text panel-first-child panel-last-child\" data-index=\"2\" >\t\t\t<div class=\"textwidget\"><p style=\"font-weight: 400;\"><strong>Mana\u017eer bezpe\u010dnosti informac\u00ed<\/strong><br \/>\nMob.+420775723774<br \/>\nEmail: <a href=\"mailto:incidenty@konform-zlin.cz\">incidenty@konform-zlin.cz<\/a><\/p>\n<\/div>\n\t\t<\/div><\/div><div id=\"pgc-933-1-1\"  class=\"panel-grid-cell\" ><div id=\"panel-933-1-1-0\" class=\"so-panel widget widget_text panel-first-child panel-last-child\" data-index=\"3\" >\t\t\t<div class=\"textwidget\"><\/div>\n\t\t<\/div><\/div><\/div><div id=\"pg-933-2\"  class=\"panel-grid panel-no-style\" ><div id=\"pgc-933-2-0\"  class=\"panel-grid-cell\" ><div id=\"panel-933-2-0-0\" class=\"widget_text so-panel widget widget_custom_html panel-first-child panel-last-child\" data-index=\"4\" ><h3 class=\"widget-title\">Kde n\u00e1s najdete<\/h3><div class=\"textwidget custom-html-widget\"><iframe style=\"border: 0;\" tabindex=\"0\" data-src=\"https:\/\/www.google.com\/maps\/embed?pb=!1m18!1m12!1m3!1d5063.105426236884!2d17.65133372142769!3d49.22459331494627!2m3!1f0!2f0!3f0!3m2!1i1024!2i768!4f13.1!3m3!1m2!1s0x47130cad600a72ff%3A0x36ee6f5242945b56!2zYnVkb3ZhIMSNLjQ2LCDFoGVkZXPDoXTDoSA1NTc2LCA3NjAgMDEgWmzDrW4!5e0!3m2!1scs!2scz!4v1585526948819!5m2!1scs!2scz\" width=\"600\" height=\"450\" frameborder=\"0\" allowfullscreen=\"\" aria-hidden=\"false\" src=\"data:image\/svg+xml;base64,PHN2ZyB3aWR0aD0iMSIgaGVpZ2h0PSIxIiB4bWxucz0iaHR0cDovL3d3dy53My5vcmcvMjAwMC9zdmciPjwvc3ZnPg==\" class=\"lazyload\" data-load-mode=\"1\"><\/iframe><\/div><\/div><\/div><\/div><div id=\"pg-933-3\"  class=\"panel-grid panel-no-style\" ><div id=\"pgc-933-3-0\"  class=\"panel-grid-cell panel-grid-cell-empty\" ><\/div><\/div><\/div>","protected":false},"excerpt":{"rendered":"<p>KONFORM \u2013 Plastic, s.r.o. \u0160edes\u00e1t\u00e1\u00a05576 \u2013 budova \u010d.46 760 01 Zl\u00edn \u010cesk\u00e1 republika &nbsp; I\u010cO: 276 66 301 DI\u010c: CZ276 66 301 Tel: +420 577 523 181 Email: konform@konform-zlin.cz Mana\u017eer bezpe\u010dnosti informac\u00ed Mob.+420775723774 Email: incidenty@konform-zlin.cz<\/p>","protected":false},"author":1,"featured_media":0,"parent":0,"menu_order":0,"comment_status":"closed","ping_status":"closed","template":"","meta":{"footnotes":""},"class_list":["post-933","page","type-page","status-publish","hentry"],"yoast_head":"<!-- This site is optimized with the Yoast SEO plugin v25.5 - https:\/\/yoast.com\/wordpress\/plugins\/seo\/ -->\n<title>Kontakt | Konform<\/title>\n<meta name=\"robots\" content=\"index, follow, max-snippet:-1, max-image-preview:large, max-video-preview:-1\" \/>\n<link rel=\"canonical\" href=\"https:\/\/konform-zlin.cz\/en\/kontakt\/\" \/>\n<meta property=\"og:locale\" content=\"en_GB\" \/>\n<meta property=\"og:type\" content=\"article\" \/>\n<meta property=\"og:title\" content=\"Kontakt | Konform\" \/>\n<meta property=\"og:description\" content=\"KONFORM \u2013 Plastic, s.r.o. \u0160edes\u00e1t\u00e1\u00a05576 \u2013 budova \u010d.46 760 01 Zl\u00edn \u010cesk\u00e1 republika &nbsp; I\u010cO: 276 66 301 DI\u010c: CZ276 66 301 Tel: +420 577 523 181 Email: konform@konform-zlin.cz Mana\u017eer bezpe\u010dnosti informac\u00ed Mob.+420775723774 Email: incidenty@konform-zlin.cz\" \/>\n<meta property=\"og:url\" content=\"https:\/\/konform-zlin.cz\/en\/kontakt\/\" \/>\n<meta property=\"og:site_name\" content=\"Konform\" \/>\n<meta property=\"article:modified_time\" content=\"2024-02-07T11:34:40+00:00\" \/>\n<meta name=\"twitter:card\" content=\"summary_large_image\" \/>\n<meta name=\"twitter:label1\" content=\"Estimated reading time\" \/>\n\t<meta name=\"twitter:data1\" content=\"1 minute\" \/>\n<script type=\"application\/ld+json\" class=\"yoast-schema-graph\">{\"@context\":\"https:\/\/schema.org\",\"@graph\":[{\"@type\":\"WebPage\",\"@id\":\"https:\/\/konform-zlin.cz\/en\/kontakt\/\",\"url\":\"https:\/\/konform-zlin.cz\/en\/kontakt\/\",\"name\":\"Kontakt | Konform\",\"isPartOf\":{\"@id\":\"https:\/\/konform-zlin.cz\/#website\"},\"datePublished\":\"2020-03-30T00:03:49+00:00\",\"dateModified\":\"2024-02-07T11:34:40+00:00\",\"breadcrumb\":{\"@id\":\"https:\/\/konform-zlin.cz\/en\/kontakt\/#breadcrumb\"},\"inLanguage\":\"en-GB\",\"potentialAction\":[{\"@type\":\"ReadAction\",\"target\":[\"https:\/\/konform-zlin.cz\/en\/kontakt\/\"]}]},{\"@type\":\"BreadcrumbList\",\"@id\":\"https:\/\/konform-zlin.cz\/en\/kontakt\/#breadcrumb\",\"itemListElement\":[{\"@type\":\"ListItem\",\"position\":1,\"name\":\"Dom\u016f\",\"item\":\"https:\/\/konform-zlin.cz\/\"},{\"@type\":\"ListItem\",\"position\":2,\"name\":\"Kontakt\"}]},{\"@type\":\"WebSite\",\"@id\":\"https:\/\/konform-zlin.cz\/#website\",\"url\":\"https:\/\/konform-zlin.cz\/\",\"name\":\"Konform\",\"description\":\"Konform\",\"publisher\":{\"@id\":\"https:\/\/konform-zlin.cz\/#organization\"},\"potentialAction\":[{\"@type\":\"SearchAction\",\"target\":{\"@type\":\"EntryPoint\",\"urlTemplate\":\"https:\/\/konform-zlin.cz\/?s={search_term_string}\"},\"query-input\":{\"@type\":\"PropertyValueSpecification\",\"valueRequired\":true,\"valueName\":\"search_term_string\"}}],\"inLanguage\":\"en-GB\"},{\"@type\":\"Organization\",\"@id\":\"https:\/\/konform-zlin.cz\/#organization\",\"name\":\"Konform Plastic s.r.o.\",\"url\":\"https:\/\/konform-zlin.cz\/\",\"logo\":{\"@type\":\"ImageObject\",\"inLanguage\":\"en-GB\",\"@id\":\"https:\/\/konform-zlin.cz\/#\/schema\/logo\/image\/\",\"url\":\"https:\/\/dodgerblue-louse-416049.hostingersite.com\/wp-content\/uploads\/2020\/03\/konform-FINALfinal.jpg\",\"contentUrl\":\"https:\/\/dodgerblue-louse-416049.hostingersite.com\/wp-content\/uploads\/2020\/03\/konform-FINALfinal.jpg\",\"width\":400,\"height\":194,\"caption\":\"Konform Plastic s.r.o.\"},\"image\":{\"@id\":\"https:\/\/konform-zlin.cz\/#\/schema\/logo\/image\/\"}}]}<\/script>\n<!-- \/ Yoast SEO plugin. -->","yoast_head_json":{"title":"Kontakt | Konform","robots":{"index":"index","follow":"follow","max-snippet":"max-snippet:-1","max-image-preview":"max-image-preview:large","max-video-preview":"max-video-preview:-1"},"canonical":"https:\/\/konform-zlin.cz\/en\/kontakt\/","og_locale":"en_GB","og_type":"article","og_title":"Kontakt | Konform","og_description":"KONFORM \u2013 Plastic, s.r.o. \u0160edes\u00e1t\u00e1\u00a05576 \u2013 budova \u010d.46 760 01 Zl\u00edn \u010cesk\u00e1 republika &nbsp; I\u010cO: 276 66 301 DI\u010c: CZ276 66 301 Tel: +420 577 523 181 Email: konform@konform-zlin.cz Mana\u017eer bezpe\u010dnosti informac\u00ed Mob.+420775723774 Email: incidenty@konform-zlin.cz","og_url":"https:\/\/konform-zlin.cz\/en\/kontakt\/","og_site_name":"Konform","article_modified_time":"2024-02-07T11:34:40+00:00","twitter_card":"summary_large_image","twitter_misc":{"Estimated reading time":"1 minute"},"schema":{"@context":"https:\/\/schema.org","@graph":[{"@type":"WebPage","@id":"https:\/\/konform-zlin.cz\/en\/kontakt\/","url":"https:\/\/konform-zlin.cz\/en\/kontakt\/","name":"Kontakt | Konform","isPartOf":{"@id":"https:\/\/konform-zlin.cz\/#website"},"datePublished":"2020-03-30T00:03:49+00:00","dateModified":"2024-02-07T11:34:40+00:00","breadcrumb":{"@id":"https:\/\/konform-zlin.cz\/en\/kontakt\/#breadcrumb"},"inLanguage":"en-GB","potentialAction":[{"@type":"ReadAction","target":["https:\/\/konform-zlin.cz\/en\/kontakt\/"]}]},{"@type":"BreadcrumbList","@id":"https:\/\/konform-zlin.cz\/en\/kontakt\/#breadcrumb","itemListElement":[{"@type":"ListItem","position":1,"name":"Dom\u016f","item":"https:\/\/konform-zlin.cz\/"},{"@type":"ListItem","position":2,"name":"Kontakt"}]},{"@type":"WebSite","@id":"https:\/\/konform-zlin.cz\/#website","url":"https:\/\/konform-zlin.cz\/","name":"Konform","description":"Konform","publisher":{"@id":"https:\/\/konform-zlin.cz\/#organization"},"potentialAction":[{"@type":"SearchAction","target":{"@type":"EntryPoint","urlTemplate":"https:\/\/konform-zlin.cz\/?s={search_term_string}"},"query-input":{"@type":"PropertyValueSpecification","valueRequired":true,"valueName":"search_term_string"}}],"inLanguage":"en-GB"},{"@type":"Organization","@id":"https:\/\/konform-zlin.cz\/#organization","name":"Konform Plastic s.r.o.","url":"https:\/\/konform-zlin.cz\/","logo":{"@type":"ImageObject","inLanguage":"en-GB","@id":"https:\/\/konform-zlin.cz\/#\/schema\/logo\/image\/","url":"https:\/\/dodgerblue-louse-416049.hostingersite.com\/wp-content\/uploads\/2020\/03\/konform-FINALfinal.jpg","contentUrl":"https:\/\/dodgerblue-louse-416049.hostingersite.com\/wp-content\/uploads\/2020\/03\/konform-FINALfinal.jpg","width":400,"height":194,"caption":"Konform Plastic s.r.o."},"image":{"@id":"https:\/\/konform-zlin.cz\/#\/schema\/logo\/image\/"}}]}},"_links":{"self":[{"href":"https:\/\/konform-zlin.cz\/en\/wp-json\/wp\/v2\/pages\/933","targetHints":{"allow":["GET"]}}],"collection":[{"href":"https:\/\/konform-zlin.cz\/en\/wp-json\/wp\/v2\/pages"}],"about":[{"href":"https:\/\/konform-zlin.cz\/en\/wp-json\/wp\/v2\/types\/page"}],"author":[{"embeddable":true,"href":"https:\/\/konform-zlin.cz\/en\/wp-json\/wp\/v2\/users\/1"}],"replies":[{"embeddable":true,"href":"https:\/\/konform-zlin.cz\/en\/wp-json\/wp\/v2\/comments?post=933"}],"version-history":[{"count":0,"href":"https:\/\/konform-zlin.cz\/en\/wp-json\/wp\/v2\/pages\/933\/revisions"}],"wp:attachment":[{"href":"https:\/\/konform-zlin.cz\/en\/wp-json\/wp\/v2\/media?parent=933"}],"curies":[{"name":"wp","href":"https:\/\/api.w.org\/{rel}","templated":true}]}}