{"id":831,"date":"2020-03-29T14:24:34","date_gmt":"2020-03-29T12:24:34","guid":{"rendered":"https:\/\/konform-zlin.cz\/?page_id=831"},"modified":"2024-03-11T12:19:07","modified_gmt":"2024-03-11T11:19:07","slug":"lisovna-plastu","status":"publish","type":"page","link":"https:\/\/konform-zlin.cz\/en\/lisovna-plastu\/","title":{"rendered":"Lisovna plast\u016f"},"content":{"rendered":"<div id=\"pl-831\"  class=\"panel-layout\" ><div id=\"pg-831-0\"  class=\"panel-grid panel-no-style\" ><div id=\"pgc-831-0-0\"  class=\"panel-grid-cell\" ><div id=\"panel-831-0-0-0\" class=\"so-panel widget widget_text panel-first-child panel-last-child\" data-index=\"0\" >\t\t\t<div class=\"textwidget\"><div class=\"vc_row wpb_row vc_row-fluid\">\n<div class=\"wpb_column vc_column_container vc_col-sm-12\">\n<div class=\"vc_column-inner\">\n<div class=\"wpb_wrapper\">\n<div class=\"wpb_text_column wpb_content_element\">\n<div class=\"wpb_wrapper\">\n<h2><strong>Lisovna plast\u016f<\/strong><\/h2>\n<p>P\u0159i lisov\u00e1n\u00ed plast\u016f jsou dodr\u017eov\u00e1ny normy\u00a0<strong><a href=\"https:\/\/dodgerblue-louse-416049.hostingersite.com\/galleries\/certifikaty\/\">ISO 9001<\/a><\/strong>\u00a0a\u00a0<a href=\"https:\/\/dodgerblue-louse-416049.hostingersite.com\/galleries\/certifikaty\/\"><strong>IATF 16949<\/strong><\/a>.<\/p>\n<p>Vyr\u00e1b\u00edme d\u00edly pro automobilov\u00fd pr\u016fmysl a z \u010d\u00e1sti tak\u00e9 pro elektrotechnick\u00fd pr\u016fmysl. Disponujeme 19 vst\u0159ikovac\u00edmi lisy od firmy Battenfeld, Chen Hsong o velikosti uzav\u00edrac\u00ed s\u00edly 60-500 tun a pr\u016fm\u011bru \u0161neku 25-75 mm.<\/p>\n<p>Zpracov\u00e1v\u00e1me v\u0161echny b\u011b\u017en\u00e9 druhy termoplast\u016f, v\u010detn\u011b materi\u00e1l\u016f s plnivy:<\/p>\n<\/div>\n<\/div>\n<\/div>\n<\/div>\n<\/div>\n<\/div>\n<\/div>\n\t\t<\/div><\/div><\/div><div id=\"pg-831-1\"  class=\"panel-grid panel-no-style\" ><div id=\"pgc-831-1-0\"  class=\"panel-grid-cell\" ><div id=\"panel-831-1-0-0\" class=\"so-panel widget widget_text panel-first-child panel-last-child\" data-index=\"1\" >\t\t\t<div class=\"textwidget\"><div class=\"wpb_column vc_column_container vc_col-sm-4\">\n<div class=\"vc_column-inner\">\n<div class=\"wpb_wrapper\">\n<div class=\"wpb_text_column wpb_content_element\">\n<div class=\"wpb_wrapper\">\n<ul>\n<li>PP<\/li>\n<li>PA 6<\/li>\n<li>PA 66<\/li>\n<li>POM<\/li>\n<li>PMMA<\/li>\n<li>TPE<\/li>\n<\/ul>\n<\/div>\n<\/div>\n<\/div>\n<\/div>\n<\/div>\n<div class=\"wpb_column vc_column_container vc_col-sm-4\">\n<div class=\"vc_column-inner\">\n<div class=\"wpb_wrapper\">\n<div class=\"wpb_text_column wpb_content_element\">\n<div class=\"wpb_wrapper\"><\/div>\n<\/div>\n<\/div>\n<\/div>\n<\/div>\n<div class=\"wpb_column vc_column_container vc_col-sm-4\">\n<div class=\"vc_column-inner\">\n<div class=\"wpb_wrapper\"><\/div>\n<\/div>\n<\/div>\n<\/div>\n\t\t<\/div><\/div><div id=\"pgc-831-1-1\"  class=\"panel-grid-cell\" ><div id=\"panel-831-1-1-0\" class=\"so-panel widget widget_text panel-first-child panel-last-child\" data-index=\"2\" >\t\t\t<div class=\"textwidget\"><div class=\"wpb_column vc_column_container vc_col-sm-4\">\n<div class=\"vc_column-inner\">\n<div class=\"wpb_wrapper\">\n<div class=\"wpb_text_column wpb_content_element\">\n<div class=\"wpb_wrapper\">\n<ul>\n<li>PC<\/li>\n<li>PC\/ABS<\/li>\n<li>ABS<\/li>\n<li>PE<\/li>\n<li>PC\/PBT<\/li>\n<\/ul>\n<\/div>\n<\/div>\n<\/div>\n<\/div>\n<\/div>\n<div class=\"wpb_column vc_column_container vc_col-sm-4\">\n<div class=\"vc_column-inner\">\n<div class=\"wpb_wrapper\">\n<div class=\"wpb_text_column wpb_content_element\">\n<div class=\"wpb_wrapper\"><\/div>\n<\/div>\n<\/div>\n<\/div>\n<\/div>\n<div class=\"wpb_column vc_column_container vc_col-sm-4\">\n<div class=\"vc_column-inner\">\n<div class=\"wpb_wrapper\"><\/div>\n<\/div>\n<\/div>\n<\/div>\n\t\t<\/div><\/div><\/div><div id=\"pg-831-2\"  class=\"panel-grid panel-no-style\" ><div id=\"pgc-831-2-0\"  class=\"panel-grid-cell\" ><div id=\"panel-831-2-0-0\" class=\"so-panel widget widget_media_gallery panel-first-child\" data-index=\"3\" ><h3 class=\"widget-title\">Uk\u00e1zka strojn\u00edho vybaven\u00ed<\/h3><\/div><div id=\"panel-831-2-0-1\" class=\"so-panel widget widget_media_gallery\" data-index=\"4\" ><h3 class=\"widget-title\">Tempera\u010dn\u00ed za\u0159\u00edzen\u00ed od firmy Wittmann, Easitemp, Tool-temp, Piovan a Regoplast<\/h3><\/div><div id=\"panel-831-2-0-2\" class=\"so-panel widget widget_media_gallery\" data-index=\"5\" ><h3 class=\"widget-title\">Su\u0161i\u010dky granul\u00e1tu do firmy Wittmann, Simar, Dega a Moreto<\/h3><\/div><div id=\"panel-831-2-0-3\" class=\"so-panel widget widget_media_gallery\" data-index=\"6\" ><h3 class=\"widget-title\">Pou\u017e\u00edv\u00e1me regul\u00e1tory hork\u00fdch trysek od firmy Synventive a DME<\/h3><\/div><div id=\"panel-831-2-0-4\" class=\"so-panel widget widget_text panel-last-child\" data-index=\"7\" >\t\t\t<div class=\"textwidget\"><div class=\"wpb_column vc_column_container vc_col-sm-4\">\n<div class=\"vc_column-inner\">\n<div class=\"wpb_wrapper\">\n<div class=\"wpb_text_column wpb_content_element\">\n<div class=\"wpb_wrapper\">\n\n<table id=\"tablepress-2\" class=\"tablepress tablepress-id-2\">\n<thead>\n<tr class=\"row-1\">\n\t<th class=\"column-1\">Technick\u00e9 parametry<\/th><td class=\"column-2\"><\/td>\n<\/tr>\n<\/thead>\n<tbody class=\"row-striping row-hover\">\n<tr class=\"row-2\">\n\t<td class=\"column-1\">Hmotnost v\u00fdlisku<\/td><td class=\"column-2\">0,3 a\u017e 1 000g<br \/>\n<\/td>\n<\/tr>\n<tr class=\"row-3\">\n\t<td class=\"column-1\">Uzav\u00edrac\u00ed s\u00edla\t<\/td><td class=\"column-2\">600 a\u017e 5 000 kN<br \/>\n<\/td>\n<\/tr>\n<tr class=\"row-4\">\n\t<td class=\"column-1\">Maxim\u00e1ln\u00ed rozm\u011bry formy\t<\/td><td class=\"column-2\">710x710x710 mm<br \/>\n<\/td>\n<\/tr>\n<tr class=\"row-5\">\n\t<td class=\"column-1\">Maxim\u00e1ln\u00ed hmotnost formy\t<\/td><td class=\"column-2\">2 500 kg<br \/>\n<\/td>\n<\/tr>\n<\/tbody>\n<\/table>\n<!-- #tablepress-2 from cache -->\n\n<table id=\"tablepress-3\" class=\"tablepress tablepress-id-3\">\n<thead>\n<tr class=\"row-1\">\n\t<th colspan=\"2\" class=\"column-1\">Seznam vst\u0159ikovac\u00edch lis\u016f<\/th><td class=\"column-3\"><\/td><td class=\"column-4\"><\/td><td class=\"column-5\"><\/td>\n<\/tr>\n<\/thead>\n<tbody class=\"row-striping row-hover\">\n<tr class=\"row-2\">\n\t<td class=\"column-1\"><\/td><td class=\"column-2\">Typ vst\u0159ikovac\u00edho lisu<\/td><td class=\"column-3\">pr\u016fm\u011br \u0161neku (mm)\t<\/td><td class=\"column-4\">uzav\u00edrac\u00ed s\u00edla kN\t<\/td><td class=\"column-5\">tun<\/td>\n<\/tr>\n<tr class=\"row-3\">\n\t<td class=\"column-1\">1<\/td><td class=\"column-2\">BATTENFELD TM 3500\/1900\t<\/td><td class=\"column-3\">75<\/td><td class=\"column-4\">3500<\/td><td class=\"column-5\">350<\/td>\n<\/tr>\n<tr class=\"row-4\">\n\t<td class=\"column-1\">2<\/td><td class=\"column-2\">BATTENFELD HM 270\/1330\t<\/td><td class=\"column-3\">65 <\/td><td class=\"column-4\">2700<\/td><td class=\"column-5\">270<\/td>\n<\/tr>\n<tr class=\"row-5\">\n\t<td class=\"column-1\">3<\/td><td class=\"column-2\">BATTENFELD HM 160\/750\t<\/td><td class=\"column-3\">45<\/td><td class=\"column-4\">1600<\/td><td class=\"column-5\">160<\/td>\n<\/tr>\n<tr class=\"row-6\">\n\t<td class=\"column-1\">4<\/td><td class=\"column-2\">BATTENFELD HM 110\/350H\/130V\t<\/td><td class=\"column-3\">40<\/td><td class=\"column-4\">1100<\/td><td class=\"column-5\">110<\/td>\n<\/tr>\n<tr class=\"row-7\">\n\t<td class=\"column-1\">5<\/td><td class=\"column-2\">BATTENFELD HM 110\/350\t<\/td><td class=\"column-3\">40<\/td><td class=\"column-4\">1100<\/td><td class=\"column-5\">110<\/td>\n<\/tr>\n<tr class=\"row-8\">\n\t<td class=\"column-1\">6<\/td><td class=\"column-2\">BATTENFELD HM 100\/525\t<\/td><td class=\"column-3\">40<\/td><td class=\"column-4\">1000<\/td><td class=\"column-5\">100<\/td>\n<\/tr>\n<tr class=\"row-9\">\n\t<td class=\"column-1\">7<\/td><td class=\"column-2\">BATTENFELD TM 100\/350\t<\/td><td class=\"column-3\">35<\/td><td class=\"column-4\">1000<\/td><td class=\"column-5\">100<\/td>\n<\/tr>\n<tr class=\"row-10\">\n\t<td class=\"column-1\">8<\/td><td class=\"column-2\">BATTENFELD TM 100\/350\t<\/td><td class=\"column-3\">35<\/td><td class=\"column-4\">1000<\/td><td class=\"column-5\">100<\/td>\n<\/tr>\n<tr class=\"row-11\">\n\t<td class=\"column-1\">9<\/td><td class=\"column-2\">BATTENFELD HM 80\/210\t<\/td><td class=\"column-3\">30<\/td><td class=\"column-4\">800<\/td><td class=\"column-5\">80<\/td>\n<\/tr>\n<tr class=\"row-12\">\n\t<td class=\"column-1\">10<\/td><td class=\"column-2\">BATTENFELD TM 75\/210\t<\/td><td class=\"column-3\">25<\/td><td class=\"column-4\">750<\/td><td class=\"column-5\">75<\/td>\n<\/tr>\n<tr class=\"row-13\">\n\t<td class=\"column-1\">11<\/td><td class=\"column-2\">BATTENFELD HM 60\/210\t<\/td><td class=\"column-3\">30<\/td><td class=\"column-4\">600<\/td><td class=\"column-5\">60<\/td>\n<\/tr>\n<tr class=\"row-14\">\n\t<td class=\"column-1\">12<\/td><td class=\"column-2\">CHEN HSONG JM328-SVP\/2\t<\/td><td class=\"column-3\">67<\/td><td class=\"column-4\">3280<\/td><td class=\"column-5\">328<\/td>\n<\/tr>\n<tr class=\"row-15\">\n\t<td class=\"column-1\">13<\/td><td class=\"column-2\">CHEN HSONG EM320-SVP\/2\t<\/td><td class=\"column-3\">75<\/td><td class=\"column-4\">3200<\/td><td class=\"column-5\">320<\/td>\n<\/tr>\n<tr class=\"row-16\">\n\t<td class=\"column-1\">14<\/td><td class=\"column-2\">CHEN HSONG EM320-SVP\/2\t<\/td><td class=\"column-3\">67<\/td><td class=\"column-4\">3200<\/td><td class=\"column-5\">320<\/td>\n<\/tr>\n<tr class=\"row-17\">\n\t<td class=\"column-1\">15<\/td><td class=\"column-2\">CHEN HSONG EM260-SVP\/2\t<\/td><td class=\"column-3\">60<\/td><td class=\"column-4\">2600<\/td><td class=\"column-5\">260<\/td>\n<\/tr>\n<tr class=\"row-18\">\n\t<td class=\"column-1\">16<\/td><td class=\"column-2\">CHEN HSONG EM 220-V\t<\/td><td class=\"column-3\">52<\/td><td class=\"column-4\">2200<\/td><td class=\"column-5\">220<\/td>\n<\/tr>\n<tr class=\"row-19\">\n\t<td class=\"column-1\">17<\/td><td class=\"column-2\">CHEN HSONG EM 150-V\t<\/td><td class=\"column-3\">42<\/td><td class=\"column-4\">1500<\/td><td class=\"column-5\">150<\/td>\n<\/tr>\n<tr class=\"row-20\">\n\t<td class=\"column-1\">18<\/td><td class=\"column-2\">CHEN HSONG JM 468-V\t<\/td><td class=\"column-3\">75<\/td><td class=\"column-4\">4680<\/td><td class=\"column-5\">468<\/td>\n<\/tr>\n<tr class=\"row-21\">\n\t<td class=\"column-1\">19<\/td><td class=\"column-2\">CHEN HSONG JM 500-V\t<\/td><td class=\"column-3\">75<\/td><td class=\"column-4\">5000<\/td><td class=\"column-5\">500<\/td>\n<\/tr>\n<\/tbody>\n<\/table>\n<!-- #tablepress-3 from cache -->\n<\/div>\n<\/div>\n<\/div>\n<\/div>\n<\/div>\n<div class=\"wpb_column vc_column_container vc_col-sm-4\">\n<div class=\"vc_column-inner\">\n<div class=\"wpb_wrapper\">\n<div class=\"wpb_text_column wpb_content_element\">\n<div class=\"wpb_wrapper\"><\/div>\n<\/div>\n<\/div>\n<\/div>\n<\/div>\n<div class=\"wpb_column vc_column_container vc_col-sm-4\">\n<div class=\"vc_column-inner\">\n<div class=\"wpb_wrapper\"><\/div>\n<\/div>\n<\/div>\n<\/div>\n\t\t<\/div><\/div><\/div><\/div>","protected":false},"excerpt":{"rendered":"<p>Lisovna plast\u016f P\u0159i lisov\u00e1n\u00ed plast\u016f jsou dodr\u017eov\u00e1ny normy\u00a0ISO 9001\u00a0a\u00a0IATF 16949. Vyr\u00e1b\u00edme d\u00edly pro automobilov\u00fd pr\u016fmysl a z \u010d\u00e1sti tak\u00e9 pro elektrotechnick\u00fd pr\u016fmysl. Disponujeme 19 vst\u0159ikovac\u00edmi lisy od firmy Battenfeld, Chen Hsong o velikosti uzav\u00edrac\u00ed s\u00edly 60-500 tun a pr\u016fm\u011bru \u0161neku 25-75 mm. Zpracov\u00e1v\u00e1me v\u0161echny b\u011b\u017en\u00e9 druhy termoplast\u016f, v\u010detn\u011b materi\u00e1l\u016f s plnivy: PP PA 6 PA [&hellip;]<\/p>","protected":false},"author":1,"featured_media":0,"parent":0,"menu_order":0,"comment_status":"closed","ping_status":"closed","template":"","meta":{"footnotes":""},"class_list":["post-831","page","type-page","status-publish","hentry"],"yoast_head":"<!-- This site is optimized with the Yoast SEO plugin v25.5 - https:\/\/yoast.com\/wordpress\/plugins\/seo\/ -->\n<title>Lisovna plast\u016f | Konform<\/title>\n<meta name=\"robots\" content=\"index, follow, max-snippet:-1, max-image-preview:large, max-video-preview:-1\" \/>\n<link rel=\"canonical\" href=\"https:\/\/konform-zlin.cz\/en\/lisovna-plastu\/\" \/>\n<meta property=\"og:locale\" content=\"en_GB\" \/>\n<meta property=\"og:type\" content=\"article\" \/>\n<meta property=\"og:title\" content=\"Lisovna plast\u016f | Konform\" \/>\n<meta property=\"og:description\" content=\"Lisovna plast\u016f P\u0159i lisov\u00e1n\u00ed plast\u016f jsou dodr\u017eov\u00e1ny normy\u00a0ISO 9001\u00a0a\u00a0IATF 16949. Vyr\u00e1b\u00edme d\u00edly pro automobilov\u00fd pr\u016fmysl a z \u010d\u00e1sti tak\u00e9 pro elektrotechnick\u00fd pr\u016fmysl. Disponujeme 19 vst\u0159ikovac\u00edmi lisy od firmy Battenfeld, Chen Hsong o velikosti uzav\u00edrac\u00ed s\u00edly 60-500 tun a pr\u016fm\u011bru \u0161neku 25-75 mm. Zpracov\u00e1v\u00e1me v\u0161echny b\u011b\u017en\u00e9 druhy termoplast\u016f, v\u010detn\u011b materi\u00e1l\u016f s plnivy: PP PA 6 PA [&hellip;]\" \/>\n<meta property=\"og:url\" content=\"https:\/\/konform-zlin.cz\/en\/lisovna-plastu\/\" \/>\n<meta property=\"og:site_name\" content=\"Konform\" \/>\n<meta property=\"article:modified_time\" content=\"2024-03-11T11:19:07+00:00\" \/>\n<meta name=\"twitter:card\" content=\"summary_large_image\" \/>\n<meta name=\"twitter:label1\" content=\"Estimated reading time\" \/>\n\t<meta name=\"twitter:data1\" content=\"1 minute\" \/>\n<script type=\"application\/ld+json\" class=\"yoast-schema-graph\">{\"@context\":\"https:\/\/schema.org\",\"@graph\":[{\"@type\":\"WebPage\",\"@id\":\"https:\/\/konform-zlin.cz\/lisovna-plastu\/\",\"url\":\"https:\/\/konform-zlin.cz\/lisovna-plastu\/\",\"name\":\"Lisovna plast\u016f | Konform\",\"isPartOf\":{\"@id\":\"https:\/\/konform-zlin.cz\/#website\"},\"datePublished\":\"2020-03-29T12:24:34+00:00\",\"dateModified\":\"2024-03-11T11:19:07+00:00\",\"breadcrumb\":{\"@id\":\"https:\/\/konform-zlin.cz\/lisovna-plastu\/#breadcrumb\"},\"inLanguage\":\"en-GB\",\"potentialAction\":[{\"@type\":\"ReadAction\",\"target\":[\"https:\/\/konform-zlin.cz\/lisovna-plastu\/\"]}]},{\"@type\":\"BreadcrumbList\",\"@id\":\"https:\/\/konform-zlin.cz\/lisovna-plastu\/#breadcrumb\",\"itemListElement\":[{\"@type\":\"ListItem\",\"position\":1,\"name\":\"Dom\u016f\",\"item\":\"https:\/\/konform-zlin.cz\/\"},{\"@type\":\"ListItem\",\"position\":2,\"name\":\"Lisovna plast\u016f\"}]},{\"@type\":\"WebSite\",\"@id\":\"https:\/\/konform-zlin.cz\/#website\",\"url\":\"https:\/\/konform-zlin.cz\/\",\"name\":\"Konform\",\"description\":\"Konform\",\"publisher\":{\"@id\":\"https:\/\/konform-zlin.cz\/#organization\"},\"potentialAction\":[{\"@type\":\"SearchAction\",\"target\":{\"@type\":\"EntryPoint\",\"urlTemplate\":\"https:\/\/konform-zlin.cz\/?s={search_term_string}\"},\"query-input\":{\"@type\":\"PropertyValueSpecification\",\"valueRequired\":true,\"valueName\":\"search_term_string\"}}],\"inLanguage\":\"en-GB\"},{\"@type\":\"Organization\",\"@id\":\"https:\/\/konform-zlin.cz\/#organization\",\"name\":\"Konform Plastic s.r.o.\",\"url\":\"https:\/\/konform-zlin.cz\/\",\"logo\":{\"@type\":\"ImageObject\",\"inLanguage\":\"en-GB\",\"@id\":\"https:\/\/konform-zlin.cz\/#\/schema\/logo\/image\/\",\"url\":\"https:\/\/dodgerblue-louse-416049.hostingersite.com\/wp-content\/uploads\/2020\/03\/konform-FINALfinal.jpg\",\"contentUrl\":\"https:\/\/dodgerblue-louse-416049.hostingersite.com\/wp-content\/uploads\/2020\/03\/konform-FINALfinal.jpg\",\"width\":400,\"height\":194,\"caption\":\"Konform Plastic s.r.o.\"},\"image\":{\"@id\":\"https:\/\/konform-zlin.cz\/#\/schema\/logo\/image\/\"}}]}<\/script>\n<!-- \/ Yoast SEO plugin. -->","yoast_head_json":{"title":"Lisovna plast\u016f | Konform","robots":{"index":"index","follow":"follow","max-snippet":"max-snippet:-1","max-image-preview":"max-image-preview:large","max-video-preview":"max-video-preview:-1"},"canonical":"https:\/\/konform-zlin.cz\/en\/lisovna-plastu\/","og_locale":"en_GB","og_type":"article","og_title":"Lisovna plast\u016f | Konform","og_description":"Lisovna plast\u016f P\u0159i lisov\u00e1n\u00ed plast\u016f jsou dodr\u017eov\u00e1ny normy\u00a0ISO 9001\u00a0a\u00a0IATF 16949. Vyr\u00e1b\u00edme d\u00edly pro automobilov\u00fd pr\u016fmysl a z \u010d\u00e1sti tak\u00e9 pro elektrotechnick\u00fd pr\u016fmysl. Disponujeme 19 vst\u0159ikovac\u00edmi lisy od firmy Battenfeld, Chen Hsong o velikosti uzav\u00edrac\u00ed s\u00edly 60-500 tun a pr\u016fm\u011bru \u0161neku 25-75 mm. Zpracov\u00e1v\u00e1me v\u0161echny b\u011b\u017en\u00e9 druhy termoplast\u016f, v\u010detn\u011b materi\u00e1l\u016f s plnivy: PP PA 6 PA [&hellip;]","og_url":"https:\/\/konform-zlin.cz\/en\/lisovna-plastu\/","og_site_name":"Konform","article_modified_time":"2024-03-11T11:19:07+00:00","twitter_card":"summary_large_image","twitter_misc":{"Estimated reading time":"1 minute"},"schema":{"@context":"https:\/\/schema.org","@graph":[{"@type":"WebPage","@id":"https:\/\/konform-zlin.cz\/lisovna-plastu\/","url":"https:\/\/konform-zlin.cz\/lisovna-plastu\/","name":"Lisovna plast\u016f | Konform","isPartOf":{"@id":"https:\/\/konform-zlin.cz\/#website"},"datePublished":"2020-03-29T12:24:34+00:00","dateModified":"2024-03-11T11:19:07+00:00","breadcrumb":{"@id":"https:\/\/konform-zlin.cz\/lisovna-plastu\/#breadcrumb"},"inLanguage":"en-GB","potentialAction":[{"@type":"ReadAction","target":["https:\/\/konform-zlin.cz\/lisovna-plastu\/"]}]},{"@type":"BreadcrumbList","@id":"https:\/\/konform-zlin.cz\/lisovna-plastu\/#breadcrumb","itemListElement":[{"@type":"ListItem","position":1,"name":"Dom\u016f","item":"https:\/\/konform-zlin.cz\/"},{"@type":"ListItem","position":2,"name":"Lisovna plast\u016f"}]},{"@type":"WebSite","@id":"https:\/\/konform-zlin.cz\/#website","url":"https:\/\/konform-zlin.cz\/","name":"Konform","description":"Konform","publisher":{"@id":"https:\/\/konform-zlin.cz\/#organization"},"potentialAction":[{"@type":"SearchAction","target":{"@type":"EntryPoint","urlTemplate":"https:\/\/konform-zlin.cz\/?s={search_term_string}"},"query-input":{"@type":"PropertyValueSpecification","valueRequired":true,"valueName":"search_term_string"}}],"inLanguage":"en-GB"},{"@type":"Organization","@id":"https:\/\/konform-zlin.cz\/#organization","name":"Konform Plastic s.r.o.","url":"https:\/\/konform-zlin.cz\/","logo":{"@type":"ImageObject","inLanguage":"en-GB","@id":"https:\/\/konform-zlin.cz\/#\/schema\/logo\/image\/","url":"https:\/\/dodgerblue-louse-416049.hostingersite.com\/wp-content\/uploads\/2020\/03\/konform-FINALfinal.jpg","contentUrl":"https:\/\/dodgerblue-louse-416049.hostingersite.com\/wp-content\/uploads\/2020\/03\/konform-FINALfinal.jpg","width":400,"height":194,"caption":"Konform Plastic s.r.o."},"image":{"@id":"https:\/\/konform-zlin.cz\/#\/schema\/logo\/image\/"}}]}},"_links":{"self":[{"href":"https:\/\/konform-zlin.cz\/en\/wp-json\/wp\/v2\/pages\/831","targetHints":{"allow":["GET"]}}],"collection":[{"href":"https:\/\/konform-zlin.cz\/en\/wp-json\/wp\/v2\/pages"}],"about":[{"href":"https:\/\/konform-zlin.cz\/en\/wp-json\/wp\/v2\/types\/page"}],"author":[{"embeddable":true,"href":"https:\/\/konform-zlin.cz\/en\/wp-json\/wp\/v2\/users\/1"}],"replies":[{"embeddable":true,"href":"https:\/\/konform-zlin.cz\/en\/wp-json\/wp\/v2\/comments?post=831"}],"version-history":[{"count":0,"href":"https:\/\/konform-zlin.cz\/en\/wp-json\/wp\/v2\/pages\/831\/revisions"}],"wp:attachment":[{"href":"https:\/\/konform-zlin.cz\/en\/wp-json\/wp\/v2\/media?parent=831"}],"curies":[{"name":"wp","href":"https:\/\/api.w.org\/{rel}","templated":true}]}}