{"id":794,"date":"2020-03-29T14:02:58","date_gmt":"2020-03-29T12:02:58","guid":{"rendered":"https:\/\/konform-zlin.cz\/?page_id=794"},"modified":"2020-03-29T14:30:27","modified_gmt":"2020-03-29T12:30:27","slug":"794-2","status":"publish","type":"page","link":"https:\/\/konform-zlin.cz\/en\/794-2\/","title":{"rendered":"V\u00edcekomponentn\u00ed technologie"},"content":{"rendered":"<div id=\"pl-794\"  class=\"panel-layout\" ><div id=\"pg-794-0\"  class=\"panel-grid panel-no-style\" ><div id=\"pgc-794-0-0\"  class=\"panel-grid-cell\" ><div id=\"panel-794-0-0-0\" class=\"so-panel widget widget_text panel-first-child panel-last-child\" data-index=\"0\" >\t\t\t<div class=\"textwidget\"><div class=\"vc_row wpb_row vc_row-fluid\">\n<div class=\"wpb_column vc_column_container vc_col-sm-12\">\n<div class=\"vc_column-inner\">\n<div class=\"wpb_wrapper\">\n<div class=\"wpb_text_column wpb_content_element\">\n<div class=\"wpb_wrapper\">\n<h2><strong>V\u00edcekomponentn\u00ed technologie<\/strong><\/h2>\n<p><strong>Dvoukomponentn\u00ed vst\u0159ikov\u00e1n\u00ed plastu<\/strong><\/p>\n<p>V\u00edce komponentn\u00ed vst\u0159ikov\u00e1n\u00ed plast\u016f kombinuje r\u016fzn\u00e9 materi\u00e1ly nebo barviva na v\u00fdrobu vysoce kvalitn\u00edch plastov\u00fdch d\u00edl\u016f. To znamen\u00e1, \u017ee m\u016f\u017eeme zlep\u0161it design a funkce v\u00fdrobk\u016f, p\u0159i vysok\u00e9 efektivit\u011b v\u00fdroby.<\/p>\n<\/div>\n<\/div>\n<\/div>\n<\/div>\n<\/div>\n<\/div>\n<\/div>\n\t\t<\/div><\/div><\/div><div id=\"pg-794-1\"  class=\"panel-grid panel-no-style\" ><div id=\"pgc-794-1-0\"  class=\"panel-grid-cell\" ><div id=\"panel-794-1-0-0\" class=\"so-panel widget widget_media_gallery panel-first-child\" data-index=\"1\" ><h3 class=\"widget-title\">Dvoukomponentn\u00ed vst\u0159ikovac\u00ed lis<\/h3><\/div><div id=\"panel-794-1-0-1\" class=\"so-panel widget widget_media_gallery\" data-index=\"2\" ><h3 class=\"widget-title\">Dvoukomponentn\u00ed forma<\/h3><\/div><div id=\"panel-794-1-0-2\" class=\"so-panel widget widget_media_gallery panel-last-child\" data-index=\"3\" ><h3 class=\"widget-title\">P\u0159\u00edklady v\u00fdrobk\u016f<\/h3><\/div><\/div><\/div><\/div>","protected":false},"excerpt":{"rendered":"<p>V\u00edcekomponentn\u00ed technologie Dvoukomponentn\u00ed vst\u0159ikov\u00e1n\u00ed plastu V\u00edce komponentn\u00ed vst\u0159ikov\u00e1n\u00ed plast\u016f kombinuje r\u016fzn\u00e9 materi\u00e1ly nebo barviva na v\u00fdrobu vysoce kvalitn\u00edch plastov\u00fdch d\u00edl\u016f. To znamen\u00e1, \u017ee m\u016f\u017eeme zlep\u0161it design a funkce v\u00fdrobk\u016f, p\u0159i vysok\u00e9 efektivit\u011b v\u00fdroby.<\/p>","protected":false},"author":1,"featured_media":0,"parent":0,"menu_order":0,"comment_status":"closed","ping_status":"closed","template":"","meta":{"footnotes":""},"class_list":["post-794","page","type-page","status-publish","hentry"],"yoast_head":"<!-- This site is optimized with the Yoast SEO plugin v25.5 - https:\/\/yoast.com\/wordpress\/plugins\/seo\/ -->\n<title>V\u00edcekomponentn\u00ed technologie | Konform<\/title>\n<meta name=\"robots\" content=\"index, follow, max-snippet:-1, max-image-preview:large, max-video-preview:-1\" \/>\n<link rel=\"canonical\" href=\"https:\/\/konform-zlin.cz\/en\/794-2\/\" \/>\n<meta property=\"og:locale\" content=\"en_GB\" \/>\n<meta property=\"og:type\" content=\"article\" \/>\n<meta property=\"og:title\" content=\"V\u00edcekomponentn\u00ed technologie | Konform\" \/>\n<meta property=\"og:description\" content=\"V\u00edcekomponentn\u00ed technologie Dvoukomponentn\u00ed vst\u0159ikov\u00e1n\u00ed plastu V\u00edce komponentn\u00ed vst\u0159ikov\u00e1n\u00ed plast\u016f kombinuje r\u016fzn\u00e9 materi\u00e1ly nebo barviva na v\u00fdrobu vysoce kvalitn\u00edch plastov\u00fdch d\u00edl\u016f. To znamen\u00e1, \u017ee m\u016f\u017eeme zlep\u0161it design a funkce v\u00fdrobk\u016f, p\u0159i vysok\u00e9 efektivit\u011b v\u00fdroby.\" \/>\n<meta property=\"og:url\" content=\"https:\/\/konform-zlin.cz\/en\/794-2\/\" \/>\n<meta property=\"og:site_name\" content=\"Konform\" \/>\n<meta property=\"article:modified_time\" content=\"2020-03-29T12:30:27+00:00\" \/>\n<meta name=\"twitter:card\" content=\"summary_large_image\" \/>\n<script type=\"application\/ld+json\" class=\"yoast-schema-graph\">{\"@context\":\"https:\/\/schema.org\",\"@graph\":[{\"@type\":\"WebPage\",\"@id\":\"https:\/\/konform-zlin.cz\/794-2\/\",\"url\":\"https:\/\/konform-zlin.cz\/794-2\/\",\"name\":\"V\u00edcekomponentn\u00ed technologie | Konform\",\"isPartOf\":{\"@id\":\"https:\/\/konform-zlin.cz\/#website\"},\"datePublished\":\"2020-03-29T12:02:58+00:00\",\"dateModified\":\"2020-03-29T12:30:27+00:00\",\"breadcrumb\":{\"@id\":\"https:\/\/konform-zlin.cz\/794-2\/#breadcrumb\"},\"inLanguage\":\"en-GB\",\"potentialAction\":[{\"@type\":\"ReadAction\",\"target\":[\"https:\/\/konform-zlin.cz\/794-2\/\"]}]},{\"@type\":\"BreadcrumbList\",\"@id\":\"https:\/\/konform-zlin.cz\/794-2\/#breadcrumb\",\"itemListElement\":[{\"@type\":\"ListItem\",\"position\":1,\"name\":\"Dom\u016f\",\"item\":\"https:\/\/konform-zlin.cz\/\"},{\"@type\":\"ListItem\",\"position\":2,\"name\":\"V\u00edcekomponentn\u00ed technologie\"}]},{\"@type\":\"WebSite\",\"@id\":\"https:\/\/konform-zlin.cz\/#website\",\"url\":\"https:\/\/konform-zlin.cz\/\",\"name\":\"Konform\",\"description\":\"Konform\",\"publisher\":{\"@id\":\"https:\/\/konform-zlin.cz\/#organization\"},\"potentialAction\":[{\"@type\":\"SearchAction\",\"target\":{\"@type\":\"EntryPoint\",\"urlTemplate\":\"https:\/\/konform-zlin.cz\/?s={search_term_string}\"},\"query-input\":{\"@type\":\"PropertyValueSpecification\",\"valueRequired\":true,\"valueName\":\"search_term_string\"}}],\"inLanguage\":\"en-GB\"},{\"@type\":\"Organization\",\"@id\":\"https:\/\/konform-zlin.cz\/#organization\",\"name\":\"Konform Plastic s.r.o.\",\"url\":\"https:\/\/konform-zlin.cz\/\",\"logo\":{\"@type\":\"ImageObject\",\"inLanguage\":\"en-GB\",\"@id\":\"https:\/\/konform-zlin.cz\/#\/schema\/logo\/image\/\",\"url\":\"https:\/\/dodgerblue-louse-416049.hostingersite.com\/wp-content\/uploads\/2020\/03\/konform-FINALfinal.jpg\",\"contentUrl\":\"https:\/\/dodgerblue-louse-416049.hostingersite.com\/wp-content\/uploads\/2020\/03\/konform-FINALfinal.jpg\",\"width\":400,\"height\":194,\"caption\":\"Konform Plastic s.r.o.\"},\"image\":{\"@id\":\"https:\/\/konform-zlin.cz\/#\/schema\/logo\/image\/\"}}]}<\/script>\n<!-- \/ Yoast SEO plugin. -->","yoast_head_json":{"title":"V\u00edcekomponentn\u00ed technologie | Konform","robots":{"index":"index","follow":"follow","max-snippet":"max-snippet:-1","max-image-preview":"max-image-preview:large","max-video-preview":"max-video-preview:-1"},"canonical":"https:\/\/konform-zlin.cz\/en\/794-2\/","og_locale":"en_GB","og_type":"article","og_title":"V\u00edcekomponentn\u00ed technologie | Konform","og_description":"V\u00edcekomponentn\u00ed technologie Dvoukomponentn\u00ed vst\u0159ikov\u00e1n\u00ed plastu V\u00edce komponentn\u00ed vst\u0159ikov\u00e1n\u00ed plast\u016f kombinuje r\u016fzn\u00e9 materi\u00e1ly nebo barviva na v\u00fdrobu vysoce kvalitn\u00edch plastov\u00fdch d\u00edl\u016f. To znamen\u00e1, \u017ee m\u016f\u017eeme zlep\u0161it design a funkce v\u00fdrobk\u016f, p\u0159i vysok\u00e9 efektivit\u011b v\u00fdroby.","og_url":"https:\/\/konform-zlin.cz\/en\/794-2\/","og_site_name":"Konform","article_modified_time":"2020-03-29T12:30:27+00:00","twitter_card":"summary_large_image","schema":{"@context":"https:\/\/schema.org","@graph":[{"@type":"WebPage","@id":"https:\/\/konform-zlin.cz\/794-2\/","url":"https:\/\/konform-zlin.cz\/794-2\/","name":"V\u00edcekomponentn\u00ed technologie | Konform","isPartOf":{"@id":"https:\/\/konform-zlin.cz\/#website"},"datePublished":"2020-03-29T12:02:58+00:00","dateModified":"2020-03-29T12:30:27+00:00","breadcrumb":{"@id":"https:\/\/konform-zlin.cz\/794-2\/#breadcrumb"},"inLanguage":"en-GB","potentialAction":[{"@type":"ReadAction","target":["https:\/\/konform-zlin.cz\/794-2\/"]}]},{"@type":"BreadcrumbList","@id":"https:\/\/konform-zlin.cz\/794-2\/#breadcrumb","itemListElement":[{"@type":"ListItem","position":1,"name":"Dom\u016f","item":"https:\/\/konform-zlin.cz\/"},{"@type":"ListItem","position":2,"name":"V\u00edcekomponentn\u00ed technologie"}]},{"@type":"WebSite","@id":"https:\/\/konform-zlin.cz\/#website","url":"https:\/\/konform-zlin.cz\/","name":"Konform","description":"Konform","publisher":{"@id":"https:\/\/konform-zlin.cz\/#organization"},"potentialAction":[{"@type":"SearchAction","target":{"@type":"EntryPoint","urlTemplate":"https:\/\/konform-zlin.cz\/?s={search_term_string}"},"query-input":{"@type":"PropertyValueSpecification","valueRequired":true,"valueName":"search_term_string"}}],"inLanguage":"en-GB"},{"@type":"Organization","@id":"https:\/\/konform-zlin.cz\/#organization","name":"Konform Plastic s.r.o.","url":"https:\/\/konform-zlin.cz\/","logo":{"@type":"ImageObject","inLanguage":"en-GB","@id":"https:\/\/konform-zlin.cz\/#\/schema\/logo\/image\/","url":"https:\/\/dodgerblue-louse-416049.hostingersite.com\/wp-content\/uploads\/2020\/03\/konform-FINALfinal.jpg","contentUrl":"https:\/\/dodgerblue-louse-416049.hostingersite.com\/wp-content\/uploads\/2020\/03\/konform-FINALfinal.jpg","width":400,"height":194,"caption":"Konform Plastic s.r.o."},"image":{"@id":"https:\/\/konform-zlin.cz\/#\/schema\/logo\/image\/"}}]}},"_links":{"self":[{"href":"https:\/\/konform-zlin.cz\/en\/wp-json\/wp\/v2\/pages\/794","targetHints":{"allow":["GET"]}}],"collection":[{"href":"https:\/\/konform-zlin.cz\/en\/wp-json\/wp\/v2\/pages"}],"about":[{"href":"https:\/\/konform-zlin.cz\/en\/wp-json\/wp\/v2\/types\/page"}],"author":[{"embeddable":true,"href":"https:\/\/konform-zlin.cz\/en\/wp-json\/wp\/v2\/users\/1"}],"replies":[{"embeddable":true,"href":"https:\/\/konform-zlin.cz\/en\/wp-json\/wp\/v2\/comments?post=794"}],"version-history":[{"count":0,"href":"https:\/\/konform-zlin.cz\/en\/wp-json\/wp\/v2\/pages\/794\/revisions"}],"wp:attachment":[{"href":"https:\/\/konform-zlin.cz\/en\/wp-json\/wp\/v2\/media?parent=794"}],"curies":[{"name":"wp","href":"https:\/\/api.w.org\/{rel}","templated":true}]}}