{"id":1384,"date":"2023-12-14T14:04:06","date_gmt":"2023-12-14T13:04:06","guid":{"rendered":"https:\/\/konform-zlin.cz\/?page_id=1384"},"modified":"2025-09-29T14:54:09","modified_gmt":"2025-09-29T12:54:09","slug":"ochrana-oznamovatelu","status":"publish","type":"page","link":"https:\/\/konform-zlin.cz\/en\/ochrana-oznamovatelu\/","title":{"rendered":"Ochrana oznamovatel\u016f"},"content":{"rendered":"<div id=\"pl-1384\"  class=\"panel-layout\" ><div id=\"pg-1384-0\"  class=\"panel-grid panel-no-style\" ><div id=\"pgc-1384-0-0\"  class=\"panel-grid-cell\" ><div id=\"panel-1384-0-0-0\" class=\"so-panel widget widget_text panel-first-child panel-last-child\" data-index=\"0\" >\t\t\t<div class=\"textwidget\"><p><strong>Ochrana\u00a0 oznamovatel\u016f (Whistleblowing)<\/strong><\/p>\n<p>Na\u0161e spole\u010dnost KONFORM- Plastic, s.r.o., p\u0159ij\u00edm\u00e1 ozn\u00e1men\u00ed dle z\u00e1kona \u010d. 171\/2023 Sb., o ochran\u011b oznamovatel\u016f, v\u00a0platn\u00e9m zn\u011bn\u00ed (d\u00e1le jen \u201eZ\u00e1kon\u201c). N\u00ed\u017ee najdete v\u0161echny oznamovac\u00ed kan\u00e1ly spolu s\u00a0popisem, jak ozn\u00e1men\u00ed podat. S\u00a0ozn\u00e1men\u00edm, kter\u00e9 pod\u00e1te, se mohou sezn\u00e1mit pouze p\u0159\u00edslu\u0161n\u00e9 osoby. Nikdo jin\u00fd nem\u00e1 k\u00a0ozn\u00e1men\u00ed p\u0159\u00edstup, pokud k\u00a0tomu neud\u011bl\u00edte souhlas.<\/p>\n<p><strong><u>P\u0159\u00edslu\u0161n\u00e9 osoby<\/u><\/strong><u>:<\/u><\/p>\n<p>Martina Chludov\u00e1<br \/>\nJana Hermanov\u00e1<\/p>\n<p>email: oznameni@konform-zlin.cz<br \/>\ntelefon: 778 751 343<\/p>\n<p><strong><u>Zp\u016fsoby oznamov\u00e1n\u00ed<\/u><\/strong><\/p>\n<ul>\n<li>p\u00edsemn\u011b, a to odesl\u00e1n\u00edm prost\u0159ednictv\u00edm poskytovatele po\u0161tovn\u00edch slu\u017eeb na adresu pro doru\u010dov\u00e1n\u00ed k\u00a0ruk\u00e1m p\u0159\u00edslu\u0161n\u00fdch osob<\/li>\n<li>prost\u0159ednictv\u00edm elektronick\u00e9 komunikace (email)<\/li>\n<li>\u00fastn\u011b, a to osobn\u011b p\u0159\u00edslu\u0161n\u00fdm osob\u00e1m nebo telefonicky<\/li>\n<\/ul>\n<p>&nbsp;<\/p>\n<p>KONFORM \u2013 Plastic, s.r.o. <strong>nep\u0159ij\u00edm\u00e1 anonymn\u00ed ozn\u00e1men\u00ed<\/strong>.<\/p>\n<p><strong><u>Vylou\u010den\u00ed<\/u><\/strong><\/p>\n<p>Na\u0161e spole\u010dnost vylu\u010duje p\u0159ij\u00edm\u00e1n\u00ed ozn\u00e1men\u00ed od osob, kter\u00e9 pro na\u0161i spole\u010dnost nevykon\u00e1vaj\u00ed pr\u00e1ci nebo jinou obdobnou \u010dinnost podle \u00a7 2 odst. 3 p\u00edsm. a), b), h) nebo i) Z\u00e1kona (to znamen\u00e1, \u017ee p\u0159ij\u00edm\u00e1me pouze ozn\u00e1men\u00ed od zam\u011bstnanc\u016f, praktikant\u016f a uchaze\u010d\u016f o zam\u011bstn\u00e1n\u00ed).<\/p>\n<p><strong><u>Extern\u00ed oznamovac\u00ed kan\u00e1l<\/u><\/strong><\/p>\n<p>V\u00edce podrobnost\u00ed o ochran\u011b oznamovatel\u016f a mo\u017enosti podat ozn\u00e1men\u00ed prost\u0159ednictv\u00edm extern\u00edho oznamovac\u00edho syst\u00e9mu Ministerstva spravedlnosti najdete na : <a href=\"https:\/\/oznamovatel.justice.cz\/\">https:\/\/oznamovatel.justice.cz\/<\/a>.<\/p>\n<p><strong><u>V\u011bdom\u011b nepravdiv\u00e9 ozn\u00e1men\u00ed<\/u><\/strong><\/p>\n<p>Oznamuj\u00edc\u00ed osoba by vzhledem k\u00a0okolnostem a informac\u00edm, kter\u00e9 m\u00e1 k\u00a0dispozici v\u00a0dob\u011b ozn\u00e1men\u00ed, m\u011bla m\u00edt p\u00e1dn\u00fd d\u016fvod se domn\u00edvat, \u017ee j\u00ed oznamovan\u00e9 \u010di zve\u0159ej\u0148ovan\u00e9 skute\u010dnosti jsou autentick\u00e9 a pravdiv\u00e9. Nelze tedy oznamovat skute\u010dnost v\u011bdom\u011b nepravdiv\u011b. Takov\u00e9 jedn\u00e1n\u00ed m\u016f\u017ee b\u00fdt sankcionov\u00e1no, a to pokutou a\u017e do v\u00fd\u0161e 50.000,-K\u010d.<\/p>\n<p>Vnit\u0159n\u00ed p\u0159epis \u201eOchrana oznamovatel\u016f\u201c je ulo\u017een na person\u00e1ln\u00edm a mzdov\u00e9m odd\u011blen\u00ed spole\u010dnosti,<\/p>\n<p>na vy\u017e\u00e1d\u00e1n\u00ed je kdykoliv k\u00a0nahl\u00e9dnut\u00ed.<\/p>\n<p>&nbsp;<\/p>\n<p>Ve Zl\u00edn\u011b, dne 6.12.2023<\/p>\n<\/div>\n\t\t<\/div><\/div><\/div><div id=\"pg-1384-1\"  class=\"panel-grid panel-no-style\" ><div id=\"pgc-1384-1-0\"  class=\"panel-grid-cell panel-grid-cell-empty\" ><\/div><\/div><\/div>","protected":false},"excerpt":{"rendered":"<p>Ochrana\u00a0 oznamovatel\u016f (Whistleblowing) Na\u0161e spole\u010dnost KONFORM- Plastic, s.r.o., p\u0159ij\u00edm\u00e1 ozn\u00e1men\u00ed dle z\u00e1kona \u010d. 171\/2023 Sb., o ochran\u011b oznamovatel\u016f, v\u00a0platn\u00e9m zn\u011bn\u00ed (d\u00e1le jen \u201eZ\u00e1kon\u201c). N\u00ed\u017ee najdete v\u0161echny oznamovac\u00ed kan\u00e1ly spolu s\u00a0popisem, jak ozn\u00e1men\u00ed podat. S\u00a0ozn\u00e1men\u00edm, kter\u00e9 pod\u00e1te, se mohou sezn\u00e1mit pouze p\u0159\u00edslu\u0161n\u00e9 osoby. Nikdo jin\u00fd nem\u00e1 k\u00a0ozn\u00e1men\u00ed p\u0159\u00edstup, pokud k\u00a0tomu neud\u011bl\u00edte souhlas. P\u0159\u00edslu\u0161n\u00e9 osoby: Martina Chludov\u00e1 [&hellip;]<\/p>","protected":false},"author":1,"featured_media":0,"parent":0,"menu_order":0,"comment_status":"closed","ping_status":"closed","template":"","meta":{"footnotes":""},"class_list":["post-1384","page","type-page","status-publish","hentry"],"yoast_head":"<!-- This site is optimized with the Yoast SEO plugin v25.5 - https:\/\/yoast.com\/wordpress\/plugins\/seo\/ -->\n<title>Ochrana oznamovatel\u016f | Konform<\/title>\n<meta name=\"robots\" content=\"index, follow, max-snippet:-1, max-image-preview:large, max-video-preview:-1\" \/>\n<link rel=\"canonical\" href=\"https:\/\/konform-zlin.cz\/en\/ochrana-oznamovatelu\/\" \/>\n<meta property=\"og:locale\" content=\"en_GB\" \/>\n<meta property=\"og:type\" content=\"article\" \/>\n<meta property=\"og:title\" content=\"Ochrana oznamovatel\u016f | Konform\" \/>\n<meta property=\"og:description\" content=\"Ochrana\u00a0 oznamovatel\u016f (Whistleblowing) Na\u0161e spole\u010dnost KONFORM- Plastic, s.r.o., p\u0159ij\u00edm\u00e1 ozn\u00e1men\u00ed dle z\u00e1kona \u010d. 171\/2023 Sb., o ochran\u011b oznamovatel\u016f, v\u00a0platn\u00e9m zn\u011bn\u00ed (d\u00e1le jen \u201eZ\u00e1kon\u201c). N\u00ed\u017ee najdete v\u0161echny oznamovac\u00ed kan\u00e1ly spolu s\u00a0popisem, jak ozn\u00e1men\u00ed podat. S\u00a0ozn\u00e1men\u00edm, kter\u00e9 pod\u00e1te, se mohou sezn\u00e1mit pouze p\u0159\u00edslu\u0161n\u00e9 osoby. Nikdo jin\u00fd nem\u00e1 k\u00a0ozn\u00e1men\u00ed p\u0159\u00edstup, pokud k\u00a0tomu neud\u011bl\u00edte souhlas. P\u0159\u00edslu\u0161n\u00e9 osoby: Martina Chludov\u00e1 [&hellip;]\" \/>\n<meta property=\"og:url\" content=\"https:\/\/konform-zlin.cz\/en\/ochrana-oznamovatelu\/\" \/>\n<meta property=\"og:site_name\" content=\"Konform\" \/>\n<meta property=\"article:modified_time\" content=\"2025-09-29T12:54:09+00:00\" \/>\n<meta name=\"twitter:card\" content=\"summary_large_image\" \/>\n<meta name=\"twitter:label1\" content=\"Estimated reading time\" \/>\n\t<meta name=\"twitter:data1\" content=\"2 minutes\" \/>\n<script type=\"application\/ld+json\" class=\"yoast-schema-graph\">{\"@context\":\"https:\/\/schema.org\",\"@graph\":[{\"@type\":\"WebPage\",\"@id\":\"https:\/\/konform-zlin.cz\/ochrana-oznamovatelu\/\",\"url\":\"https:\/\/konform-zlin.cz\/ochrana-oznamovatelu\/\",\"name\":\"Ochrana oznamovatel\u016f | Konform\",\"isPartOf\":{\"@id\":\"https:\/\/konform-zlin.cz\/en\/#website\"},\"datePublished\":\"2023-12-14T13:04:06+00:00\",\"dateModified\":\"2025-09-29T12:54:09+00:00\",\"breadcrumb\":{\"@id\":\"https:\/\/konform-zlin.cz\/ochrana-oznamovatelu\/#breadcrumb\"},\"inLanguage\":\"en-GB\",\"potentialAction\":[{\"@type\":\"ReadAction\",\"target\":[\"https:\/\/konform-zlin.cz\/ochrana-oznamovatelu\/\"]}]},{\"@type\":\"BreadcrumbList\",\"@id\":\"https:\/\/konform-zlin.cz\/ochrana-oznamovatelu\/#breadcrumb\",\"itemListElement\":[{\"@type\":\"ListItem\",\"position\":1,\"name\":\"Dom\u016f\",\"item\":\"https:\/\/konform-zlin.cz\/en\/\"},{\"@type\":\"ListItem\",\"position\":2,\"name\":\"Ochrana oznamovatel\u016f\"}]},{\"@type\":\"WebSite\",\"@id\":\"https:\/\/konform-zlin.cz\/en\/#website\",\"url\":\"https:\/\/konform-zlin.cz\/en\/\",\"name\":\"Konform\",\"description\":\"Konform\",\"publisher\":{\"@id\":\"https:\/\/konform-zlin.cz\/en\/#organization\"},\"potentialAction\":[{\"@type\":\"SearchAction\",\"target\":{\"@type\":\"EntryPoint\",\"urlTemplate\":\"https:\/\/konform-zlin.cz\/en\/?s={search_term_string}\"},\"query-input\":{\"@type\":\"PropertyValueSpecification\",\"valueRequired\":true,\"valueName\":\"search_term_string\"}}],\"inLanguage\":\"en-GB\"},{\"@type\":\"Organization\",\"@id\":\"https:\/\/konform-zlin.cz\/en\/#organization\",\"name\":\"Konform Plastic s.r.o.\",\"url\":\"https:\/\/konform-zlin.cz\/en\/\",\"logo\":{\"@type\":\"ImageObject\",\"inLanguage\":\"en-GB\",\"@id\":\"https:\/\/konform-zlin.cz\/en\/#\/schema\/logo\/image\/\",\"url\":\"https:\/\/dodgerblue-louse-416049.hostingersite.com\/wp-content\/uploads\/2020\/03\/konform-FINALfinal.jpg\",\"contentUrl\":\"https:\/\/dodgerblue-louse-416049.hostingersite.com\/wp-content\/uploads\/2020\/03\/konform-FINALfinal.jpg\",\"width\":400,\"height\":194,\"caption\":\"Konform Plastic s.r.o.\"},\"image\":{\"@id\":\"https:\/\/konform-zlin.cz\/en\/#\/schema\/logo\/image\/\"}}]}<\/script>\n<!-- \/ Yoast SEO plugin. -->","yoast_head_json":{"title":"Ochrana oznamovatel\u016f | Konform","robots":{"index":"index","follow":"follow","max-snippet":"max-snippet:-1","max-image-preview":"max-image-preview:large","max-video-preview":"max-video-preview:-1"},"canonical":"https:\/\/konform-zlin.cz\/en\/ochrana-oznamovatelu\/","og_locale":"en_GB","og_type":"article","og_title":"Ochrana oznamovatel\u016f | Konform","og_description":"Ochrana\u00a0 oznamovatel\u016f (Whistleblowing) Na\u0161e spole\u010dnost KONFORM- Plastic, s.r.o., p\u0159ij\u00edm\u00e1 ozn\u00e1men\u00ed dle z\u00e1kona \u010d. 171\/2023 Sb., o ochran\u011b oznamovatel\u016f, v\u00a0platn\u00e9m zn\u011bn\u00ed (d\u00e1le jen \u201eZ\u00e1kon\u201c). N\u00ed\u017ee najdete v\u0161echny oznamovac\u00ed kan\u00e1ly spolu s\u00a0popisem, jak ozn\u00e1men\u00ed podat. S\u00a0ozn\u00e1men\u00edm, kter\u00e9 pod\u00e1te, se mohou sezn\u00e1mit pouze p\u0159\u00edslu\u0161n\u00e9 osoby. Nikdo jin\u00fd nem\u00e1 k\u00a0ozn\u00e1men\u00ed p\u0159\u00edstup, pokud k\u00a0tomu neud\u011bl\u00edte souhlas. P\u0159\u00edslu\u0161n\u00e9 osoby: Martina Chludov\u00e1 [&hellip;]","og_url":"https:\/\/konform-zlin.cz\/en\/ochrana-oznamovatelu\/","og_site_name":"Konform","article_modified_time":"2025-09-29T12:54:09+00:00","twitter_card":"summary_large_image","twitter_misc":{"Estimated reading time":"2 minutes"},"schema":{"@context":"https:\/\/schema.org","@graph":[{"@type":"WebPage","@id":"https:\/\/konform-zlin.cz\/ochrana-oznamovatelu\/","url":"https:\/\/konform-zlin.cz\/ochrana-oznamovatelu\/","name":"Ochrana oznamovatel\u016f | Konform","isPartOf":{"@id":"https:\/\/konform-zlin.cz\/en\/#website"},"datePublished":"2023-12-14T13:04:06+00:00","dateModified":"2025-09-29T12:54:09+00:00","breadcrumb":{"@id":"https:\/\/konform-zlin.cz\/ochrana-oznamovatelu\/#breadcrumb"},"inLanguage":"en-GB","potentialAction":[{"@type":"ReadAction","target":["https:\/\/konform-zlin.cz\/ochrana-oznamovatelu\/"]}]},{"@type":"BreadcrumbList","@id":"https:\/\/konform-zlin.cz\/ochrana-oznamovatelu\/#breadcrumb","itemListElement":[{"@type":"ListItem","position":1,"name":"Dom\u016f","item":"https:\/\/konform-zlin.cz\/en\/"},{"@type":"ListItem","position":2,"name":"Ochrana oznamovatel\u016f"}]},{"@type":"WebSite","@id":"https:\/\/konform-zlin.cz\/en\/#website","url":"https:\/\/konform-zlin.cz\/en\/","name":"Konform","description":"Konform","publisher":{"@id":"https:\/\/konform-zlin.cz\/en\/#organization"},"potentialAction":[{"@type":"SearchAction","target":{"@type":"EntryPoint","urlTemplate":"https:\/\/konform-zlin.cz\/en\/?s={search_term_string}"},"query-input":{"@type":"PropertyValueSpecification","valueRequired":true,"valueName":"search_term_string"}}],"inLanguage":"en-GB"},{"@type":"Organization","@id":"https:\/\/konform-zlin.cz\/en\/#organization","name":"Konform Plastic s.r.o.","url":"https:\/\/konform-zlin.cz\/en\/","logo":{"@type":"ImageObject","inLanguage":"en-GB","@id":"https:\/\/konform-zlin.cz\/en\/#\/schema\/logo\/image\/","url":"https:\/\/dodgerblue-louse-416049.hostingersite.com\/wp-content\/uploads\/2020\/03\/konform-FINALfinal.jpg","contentUrl":"https:\/\/dodgerblue-louse-416049.hostingersite.com\/wp-content\/uploads\/2020\/03\/konform-FINALfinal.jpg","width":400,"height":194,"caption":"Konform Plastic s.r.o."},"image":{"@id":"https:\/\/konform-zlin.cz\/en\/#\/schema\/logo\/image\/"}}]}},"_links":{"self":[{"href":"https:\/\/konform-zlin.cz\/en\/wp-json\/wp\/v2\/pages\/1384","targetHints":{"allow":["GET"]}}],"collection":[{"href":"https:\/\/konform-zlin.cz\/en\/wp-json\/wp\/v2\/pages"}],"about":[{"href":"https:\/\/konform-zlin.cz\/en\/wp-json\/wp\/v2\/types\/page"}],"author":[{"embeddable":true,"href":"https:\/\/konform-zlin.cz\/en\/wp-json\/wp\/v2\/users\/1"}],"replies":[{"embeddable":true,"href":"https:\/\/konform-zlin.cz\/en\/wp-json\/wp\/v2\/comments?post=1384"}],"version-history":[{"count":0,"href":"https:\/\/konform-zlin.cz\/en\/wp-json\/wp\/v2\/pages\/1384\/revisions"}],"wp:attachment":[{"href":"https:\/\/konform-zlin.cz\/en\/wp-json\/wp\/v2\/media?parent=1384"}],"curies":[{"name":"wp","href":"https:\/\/api.w.org\/{rel}","templated":true}]}}